{"id":1065,"date":"2014-11-17T21:34:10","date_gmt":"2014-11-18T02:34:10","guid":{"rendered":"http:\/\/saojosetangara.com\/wp\/?page_id=1065"},"modified":"2014-11-17T21:34:10","modified_gmt":"2014-11-18T02:34:10","slug":"quem-foi-sao-jose","status":"publish","type":"page","link":"https:\/\/saojosetangara.com\/wp\/quem-foi-sao-jose\/","title":{"rendered":"Quem foi S\u00e3o Jos\u00e9"},"content":{"rendered":"<p><img loading=\"lazy\" decoding=\"async\" class=\"alignnone wp-image-1071 alignleft\" src=\"http:\/\/res.cloudinary.com\/saojosetangara\/image\/upload\/v1415557712\/comunidade_qneb67.jpg\" alt=\"\" width=\"200\" height=\"350\" \/><\/p>\n<p style=\"text-align: justify;\">S\u00e3o Jos\u00e9 escolhido pelo Pai para ser o guarda fiel e providente dos seus dois maiores tesouros: O Filho de Deus e a Virgem Maria, e ele cumpriu com a m\u00e1xima fidelidade sua miss\u00e3o.<\/p>\n<p style=\"text-align: justify;\">Que Jesus havia de nascer da linhagem de Davi, era uma afirma\u00e7\u00e3o t\u00e3o claramente expressa nos profetas que n\u00e3o havia qualquer hesita\u00e7\u00e3o a esse respeito. Portanto, quando o anjo do Senhor aparece em sonhos a Jos\u00e9, antes do nascimento de Cristo, dirige-se a ele dando-lhe o seu titulo de nobreza: Jos\u00e9 filho de Davi&#8230; (Mt 1,20)<\/p>\n<p style=\"text-align: justify;\">A genealogia de Jos\u00e9 \u00e9 enfatizada tanto na narrativa de Mateus como na de Lucas. Em Mateus, lemos que Jac\u00f3 gerou Jos\u00e9, esposo de Maria, da qual nasceu Jesus Cristo.<\/p>\n<p style=\"text-align: justify;\">Pouco ou quase nada sabemos de sua vida, a n\u00e3o ser que era filho de Jac\u00f3 e que sua m\u00e3e chamava-se Estha. Hegesipo, historiador no s\u00e9culo II, que viveu na Palestina, afirmou que Jos\u00e9 era irm\u00e3o de Alfeu (Cle\u00f3fas).<\/p>\n<p style=\"text-align: justify;\">Provavelmente S\u00e3o Jos\u00e9 nasceu em Nazar\u00e9, tanto na aldeia como nos arredores todos sabiam que ele era descendente do Rei Davi, apesar de sua pobreza e humildade.<\/p>\n<p style=\"text-align: justify;\">S\u00e3o Jos\u00e9 era, conforme os Ap\u00f3crifos, um <em>Faber Ignarius<\/em> \u2013 Oper\u00e1rio de Madeira ou carpinteiro.<\/p>\n<p style=\"text-align: justify;\">Com a idade de mais ou menos 30 anos foi convocado pelos sacerdotes do templo, com outros solteiros da tribo de Davi, para se casar. Quando chegaram ao templo, os sacerdotes colocaram sobre cada um dos pretendentes um ramo e comunicaram que a Virgem Maria de Nazar\u00e9 se casaria com aquele em que o ramo se desenvolvesse e come\u00e7asse a germinar.<\/p>\n<p style=\"text-align: justify;\">S\u00e3o Jos\u00e9 foi o patriarca da transi\u00e7\u00e3o do Antigo para o Novo Testamento. O Guardi\u00e3o Providente da Sagrada Fam\u00edlia. Jos\u00e9 \u2013\u201cAquele que acrescenta\u201d.<\/p>\n<p style=\"text-align: justify;\">Jos\u00e9, O Justo, conforme as escrituras foi escolhido por Deus para ser esposo da Virgem Maria e o Pai adotivo de Jesus.<\/p>\n<p style=\"text-align: justify;\">Provavelmente o que mais chamou a aten\u00e7\u00e3o de Deus sobre Jos\u00e9, foi \u00e0 bondade e o sil\u00eancio. Enquanto, em sua carpintaria, manuseava as ferramentas com suas m\u00e3os habilidosas e calejadas, seu cora\u00e7\u00e3o permanecia unido a Deus.<\/p>\n<p style=\"text-align: justify;\">Deus prop\u00f5e a Jos\u00e9 a maior de todas as d\u00e1divas, a mais importante miss\u00e3o confiada a um homem, e em compensa\u00e7\u00e3o a maior gl\u00f3ria no c\u00e9u. Isto tudo tendo incont\u00e1veis prova\u00e7\u00f5es.<\/p>\n<p style=\"text-align: justify;\">Jos\u00e9 entende e de cora\u00e7\u00e3o atende a Deus, e com toda a sua humildade e pobreza, acolhe Maria, A Virgem de Nazar\u00e9, casa-se com ela e com o suor de seu rosto prove o sustento daquele que ao mundo sustenta.<\/p>\n<p style=\"text-align: justify;\">Seguem para Bel\u00e9m e, l\u00e1 na terra do Rei Davi, o filho de Deus nasce e seus primeiros adoradores s\u00e3o Maria e Jos\u00e9.<\/p>\n<p style=\"text-align: justify;\">Em sonho, Jos\u00e9 \u00e9 avisado a fugir para o Egito, fogem de madrugada para salvar a esperan\u00e7a de um povo.<\/p>\n<p style=\"text-align: justify;\">Retornam a Nazar\u00e9, e seguem o curso comum da hist\u00f3ria de pessoas aparentemente comuns.<\/p>\n<p style=\"text-align: justify;\">S\u00e3o Jos\u00e9 ensinou Jesus a ser homem, a conhecer as letras, a manusear as ferramentas e trabalhar com as madeiras.<\/p>\n<p style=\"text-align: justify;\">S\u00e3o Jos\u00e9 era a ternura de Deus-Pai, humanado.<\/p>\n<p style=\"text-align: justify;\">Jos\u00e9 sempre esteve perto a sua esposa e morreu pouco antes que seu filho iniciasse a predica\u00e7\u00e3o. N\u00e3o viu a paix\u00e3o de Jesus no G\u00f3lgota provavelmente porque n\u00e3o teria podido suportar a atroz dor da crucifica\u00e7\u00e3o do Filho tanto amado.<\/p>\n<p style=\"text-align: justify;\">\u00c9 invocado como o patrono da Boa Morte, pois teve a mais privilegiada da humanidade. Tendo de um lado Jesus e de outro Maria e provavelmente recomendou a Jesus que cuidasse bem de sua M\u00e3e!<\/p>\n<p style=\"text-align: justify;\">A devo\u00e7\u00e3o a S\u00e3o Jos\u00e9 \u00e9 muito antiga, o Papa Clemente XI, comp\u00f4s o oficio com os hinos para o dia 19 de Mar\u00e7o.<\/p>\n<p style=\"text-align: justify;\">Dizem que S\u00e3o Jos\u00e9 \u00e9 quem confecciona os tronos da gl\u00f3ria celeste e que depois s\u00e3o ornados com a Gra\u00e7a de Deus.<\/p>\n<p style=\"text-align: justify;\">Santa Tereza de Jesus dizia: \u201cTomei a S\u00e3o Jos\u00e9 por meu advogado e protetor e n\u00e3o me lembro de ter-lhe pedido algo que n\u00e3o me atendesse&#8230; quisera persuadir o mundo inteiro a ser devoto deste glorioso Santo\u201d.<\/p>\n<h3 style=\"text-align: justify;\">Viva\u00a0S\u00e3o Jos\u00e9!<\/h3>\n<p>&nbsp;<\/p>\n<blockquote><p>Fonte de pesquisa:<br \/>\n<a title=\"http:\/\/marcioreiser.blogspot.com.br\/2010\/02\/sao-jose.html\" href=\"http:\/\/marcioreiser.blogspot.com.br\/2010\/02\/sao-jose.html\" target=\"_blank\">http:\/\/marcioreiser.blogspot.com.br\/2010\/02\/sao-jose.html<\/a><br \/>\n<a title=\"http:\/\/digilander.libero.it\/monast\/giuseppe\/porto\/vita.htm\" href=\"http:\/\/digilander.libero.it\/monast\/giuseppe\/porto\/vita.htm\" target=\"_blank\">http:\/\/digilander.libero.it\/monast\/giuseppe\/porto\/vita.htm<\/a><\/p><\/blockquote>\n","protected":false},"excerpt":{"rendered":"<p>S\u00e3o Jos\u00e9 escolhido pelo Pai para ser o guarda fiel e providente dos seus dois maiores tesouros: O Filho de Deus e a Virgem Maria, e ele cumpriu com a m\u00e1xima fidelidade sua miss\u00e3o. Que Jesus havia de nascer da linhagem de Davi, era uma afirma\u00e7\u00e3o t\u00e3o claramente expressa nos profetas que n\u00e3o havia qualquer &hellip; <a href=\"https:\/\/saojosetangara.com\/wp\/quem-foi-sao-jose\/\" class=\"more-link\">Continuar a ler<span class=\"screen-reader-text\">Quem foi S\u00e3o Jos\u00e9<\/span> <span class=\"meta-nav\">&rarr;<\/span><\/a><\/p>\n","protected":false},"author":1,"featured_media":0,"parent":0,"menu_order":0,"comment_status":"open","ping_status":"open","template":"","meta":{"footnotes":""},"_links":{"self":[{"href":"https:\/\/saojosetangara.com\/wp\/wp-json\/wp\/v2\/pages\/1065"}],"collection":[{"href":"https:\/\/saojosetangara.com\/wp\/wp-json\/wp\/v2\/pages"}],"about":[{"href":"https:\/\/saojosetangara.com\/wp\/wp-json\/wp\/v2\/types\/page"}],"author":[{"embeddable":true,"href":"https:\/\/saojosetangara.com\/wp\/wp-json\/wp\/v2\/users\/1"}],"replies":[{"embeddable":true,"href":"https:\/\/saojosetangara.com\/wp\/wp-json\/wp\/v2\/comments?post=1065"}],"version-history":[{"count":8,"href":"https:\/\/saojosetangara.com\/wp\/wp-json\/wp\/v2\/pages\/1065\/revisions"}],"predecessor-version":[{"id":1074,"href":"https:\/\/saojosetangara.com\/wp\/wp-json\/wp\/v2\/pages\/1065\/revisions\/1074"}],"wp:attachment":[{"href":"https:\/\/saojosetangara.com\/wp\/wp-json\/wp\/v2\/media?parent=1065"}],"curies":[{"name":"wp","href":"https:\/\/api.w.org\/{rel}","templated":true}]}}